{"id":6592,"date":"2021-10-22T16:21:16","date_gmt":"2021-10-22T14:21:16","guid":{"rendered":"http:\/\/dummy.xtemos.com\/woodmart2\/elementor\/?page_id=6592"},"modified":"2024-01-25T08:48:04","modified_gmt":"2024-01-25T07:48:04","slug":"home-sweets-bakery","status":"publish","type":"page","link":"https:\/\/golimak.pl\/en\/","title":{"rendered":"Home"},"content":{"rendered":"<div data-elementor-type=\"wp-page\" data-elementor-id=\"6592\" class=\"elementor elementor-6592\">\r\n\t\t\t\t\t\t\t\t\t<section class=\"wd-negative-gap elementor-section elementor-top-section elementor-element elementor-element-94871f7 wd-section-stretch-content elementor-section-boxed elementor-section-height-default elementor-section-height-default\" data-id=\"94871f7\" data-element_type=\"section\" data-settings=\"{&quot;shape_divider_bottom&quot;:&quot;wd_waves_small&quot;}\">\r\n\t\t\t\t\t<div class=\"elementor-shape elementor-shape-bottom\" data-negative=\"false\">\r\n\t\t\t<svg xmlns=\"http:\/\/www.w3.org\/2000\/svg\" class=\"wd-divider\" xmlns:xlink=\"http:\/\/www.w3.org\/1999\/xlink\" x=\"0px\" y=\"0px\"\r\nviewbox=\"0 0 100 3\" width=\"100%\" height=\"3vw\" preserveaspectratio=\"none\">\r\n<path class=\"elementor-shape-fill\" d=\"M100,0v0.8c-0.7,0-0.7,0.6-1.4,0.6c-0.7,0-0.7-0.6-1.5-0.6c-0.7,0-0.7,0.6-1.5,0.6c-0.7,0-0.7-0.6-1.5-0.6\tc-0.7,0-0.7,0.6-1.5,0.6c-0.6,0-0.6-0.6-1.4-0.6c-0.7,0-0.7,0.6-1.5,0.6c-0.7,0-0.7-0.6-1.4-0.6s-0.7,0.6-1.5,0.6\tc-0.7,0-0.7-0.6-1.5-0.6c-0.7,0-0.7,0.6-1.5,0.6c-0.7,0-0.7-0.6-1.5-0.6c-0.7,0-0.7,0.6-1.5,0.6c-0.7,0-0.7-0.6-1.5-0.6\tc-0.6,0-0.6,0.6-1.3,0.6s-0.7-0.6-1.5-0.6c-0.7,0-0.7,0.6-1.5,0.6c-0.7,0-0.7-0.6-1.5-0.6c-0.7,0-0.7,0.6-1.5,0.6\tc-0.7,0-0.7-0.6-1.5-0.6c-0.7,0-0.7,0.6-1.5,0.6c-0.7,0-0.7-0.6-1.5-0.6c-0.5,0-0.5,0.6-1.3,0.6c-0.7,0-0.7-0.6-1.5-0.6\tc-0.7,0-0.7,0.6-1.4,0.6s-0.7-0.6-1.5-0.6c-0.7,0-0.7,0.6-1.5,0.6c-0.7,0-0.7-0.6-1.5-0.6s-0.7,0.6-1.4,0.6c-0.7,0-0.7-0.6-1.5-0.6\tc-0.7,0-0.7,0.6-1.5,0.6c-0.7,0-0.7-0.6-1.5-0.6c-0.7,0-0.7,0.6-1.5,0.6c-0.7,0-0.7-0.6-1.5-0.6c-0.7,0-0.7,0.6-1.5,0.6\ts-0.7-0.6-1.5-0.6c-0.7,0-0.7,0.6-1.5,0.6c-0.7,0-0.7-0.6-1.5-0.6c-0.7,0-0.6,0.6-1.4,0.6c-0.8,0-0.7-0.6-1.3-0.6\tc-0.7,0-0.7,0.6-1.5,0.6c-0.7,0-0.7-0.6-1.4-0.6s-0.7,0.6-1.5,0.6s-0.7-0.6-1.5-0.6c-0.7,0-0.7,0.6-1.5,0.6c-0.7,0-0.7-0.6-1.5-0.6\tc-0.6,0-0.6,0.6-1.3,0.6s-0.7-0.6-1.5-0.6c-0.7,0-0.7,0.6-1.5,0.6c-0.7,0-0.7-0.6-1.5-0.6c-0.7,0-0.7,0.6-1.5,0.6\tc-0.7,0-0.7-0.6-1.5-0.6c-0.7,0-0.7,0.6-1.5,0.6c-0.7,0-0.7-0.6-1.5-0.6s-0.6,0.6-1.3,0.6c-0.7,0-0.7-0.6-1.5-0.6\tc-0.7,0-0.7,0.6-1.4,0.6c-0.7,0-0.7-0.6-1.5-0.6c-0.7,0-0.7,0.6-1.5,0.6c-0.7,0-0.7-0.6-1.5-0.6c-0.7,0-0.7,0.6-1.5,0.6\tc-0.7,0-0.7-0.6-1.5-0.6c-0.6,0-0.6,0.6-1.3,0.6C6.7,1.4,6.7,0.8,6,0.8S5.3,1.4,4.5,1.4C3.8,1.4,3.8,0.8,3,0.8\tc-0.7,0-0.7,0.6-1.4,0.6S0.9,0.8,0.1,0.8c0,0-0.1,0-0.1,0V0H100z\"\/>\r\n<\/svg>\r\n\t\t<\/div>\r\n\t\t\t\t\t<div class=\"elementor-container elementor-column-gap-no\">\r\n\t\t\t\t\t<div class=\"elementor-column elementor-col-100 elementor-top-column elementor-element elementor-element-29d8607\" data-id=\"29d8607\" data-element_type=\"column\">\r\n\t\t\t<div class=\"elementor-widget-wrap elementor-element-populated\">\r\n\t\t\t\t\t\t\t\t<div class=\"elementor-element elementor-element-4c025e1 elementor-widget elementor-widget-slider_revolution\" data-id=\"4c025e1\" data-element_type=\"widget\" data-widget_type=\"slider_revolution.default\">\r\n\t\t\t\t<div class=\"elementor-widget-container\">\r\n\t\t\t\r\n\t\t<div class=\"wp-block-themepunch-revslider\">\n\t\t\t<!-- START Sweets Bakery EN REVOLUTION SLIDER 6.6.18 --><p class=\"rs-p-wp-fix\"><\/p>\n\t\t\t<rs-module-wrap id=\"sweets-bakery_1_wrapper\" data-source=\"gallery\" style=\"visibility:hidden;background:transparent;padding:0;margin:0px auto;margin-top:0;margin-bottom:0;\">\n\t\t\t\t<rs-module id=\"sweets-bakery_1\" style=\"\" data-version=\"6.6.18\">\n\t\t\t\t\t<rs-slides style=\"overflow: hidden; position: absolute;\">\n\t\t\t\t\t\t<rs-slide style=\"position: absolute;\" data-key=\"rs-4\" data-title=\"Slide\" data-anim=\"ms:600;\" data-in=\"o:0;\" data-out=\"a:false;\">\n\t\t\t\t\t\t\t<img fetchpriority=\"high\" decoding=\"async\" src=\"\/\/golimak.pl\/wp-content\/plugins\/revslider\/public\/assets\/assets\/dummy.png\" alt=\"\" title=\"bg-hero\" width=\"1920\" height=\"798\" class=\"rev-slidebg tp-rs-img rs-lazyload\" data-lazyload=\"\/\/golimak.pl\/wp-content\/uploads\/2023\/11\/bg-hero.jpg\" data-parallax=\"off\" data-no-retina>\n<!--\n\t\t\t\t\t\t\t--><rs-layer\n\t\t\t\t\t\t\t\tid=\"slider-2-slide-4-layer-1\" \n\t\t\t\t\t\t\t\tclass=\"tp-shape tp-shapewrapper rs-pxl-1\"\n\t\t\t\t\t\t\t\tdata-type=\"shape\"\n\t\t\t\t\t\t\t\tdata-rsp_ch=\"on\"\n\t\t\t\t\t\t\t\tdata-xy=\"x:c;xo:0,0,0,1px;y:m;yo:0,0,0,42px;\"\n\t\t\t\t\t\t\t\tdata-text=\"fw:100;a:inherit;\"\n\t\t\t\t\t\t\t\tdata-dim=\"w:780px,780px,780px,480px;h:780px,780px,780px,480px;\"\n\t\t\t\t\t\t\t\tdata-border=\"bor:390px,390px,390px,390px;\"\n\t\t\t\t\t\t\t\tdata-frame_0=\"sX:0.8;sY:0.8;\"\n\t\t\t\t\t\t\t\tdata-frame_1=\"e:power4.out;st:200;sp:1500;sR:200;\"\n\t\t\t\t\t\t\t\tdata-frame_999=\"o:0;e:nothing;st:w;sR:7300;\"\n\t\t\t\t\t\t\t\tstyle=\"z-index:6;background-color:rgba(255,236,163,0.5);\"\n\t\t\t\t\t\t\t> \n\t\t\t\t\t\t\t<\/rs-layer><!--\n\n\t\t\t\t\t\t\t--><h4\n\t\t\t\t\t\t\t\tid=\"slider-2-slide-4-layer-2\" \n\t\t\t\t\t\t\t\tclass=\"rs-layer rs-pxl-10\"\n\t\t\t\t\t\t\t\tdata-type=\"text\"\n\t\t\t\t\t\t\t\tdata-rsp_ch=\"on\"\n\t\t\t\t\t\t\t\tdata-xy=\"x:l,l,l,c;xo:186px,102px,102px,0;y:m;yo:70px,70px,70px,-173px;\"\n\t\t\t\t\t\t\t\tdata-text=\"s:30,30,30,34;l:40,40,40,42;fw:500;a:inherit;\"\n\t\t\t\t\t\t\t\tdata-dim=\"w:326px,326px,326px,auto;\"\n\t\t\t\t\t\t\t\tdata-padding=\"t:15,15,15,8;r:30,30,30,17;b:15,15,15,8;l:30,30,30,16;\"\n\t\t\t\t\t\t\t\tdata-frame_0=\"x:left;o:1;\"\n\t\t\t\t\t\t\t\tdata-frame_1=\"x:0,0,0,0px;y:0,0,0,0px;e:expo.out;st:430;sp:1200;sR:430;\"\n\t\t\t\t\t\t\t\tdata-frame_999=\"o:0;e:nothing;st:w;sR:7370;\"\n\t\t\t\t\t\t\t\tstyle=\"z-index:11;background-color:#2d4191;font-family:'Playfair Display';\"\n\t\t\t\t\t\t\t>WITH FRESH EGGS \n\t\t\t\t\t\t\t<\/h4><!--\n\n\t\t\t\t\t\t\t--><rs-layer\n\t\t\t\t\t\t\t\tid=\"slider-2-slide-4-layer-3\" \n\t\t\t\t\t\t\t\tclass=\"tp-shape tp-shapewrapper rs-pxl-1\"\n\t\t\t\t\t\t\t\tdata-type=\"shape\"\n\t\t\t\t\t\t\t\tdata-rsp_ch=\"on\"\n\t\t\t\t\t\t\t\tdata-xy=\"x:c;y:m;yo:0,0,0,50px;\"\n\t\t\t\t\t\t\t\tdata-text=\"fw:100;a:inherit;\"\n\t\t\t\t\t\t\t\tdata-dim=\"w:540px,540px,540px,340px;h:540px,540px,540px,340px;\"\n\t\t\t\t\t\t\t\tdata-border=\"bor:270px,270px,270px,270px;\"\n\t\t\t\t\t\t\t\tdata-frame_0=\"sX:0.8;sY:0.8;\"\n\t\t\t\t\t\t\t\tdata-frame_1=\"e:power4.out;sp:1500;sR:10;\"\n\t\t\t\t\t\t\t\tdata-frame_999=\"o:0;e:nothing;st:w;sR:7490;\"\n\t\t\t\t\t\t\t\tstyle=\"z-index:7;background-color:#fce7a1;\"\n\t\t\t\t\t\t\t> \n\t\t\t\t\t\t\t<\/rs-layer><!--\n\n\t\t\t\t\t\t\t--><rs-layer\n\t\t\t\t\t\t\t\tid=\"slider-2-slide-4-layer-4\" \n\t\t\t\t\t\t\t\tclass=\"rs-pxl-3\"\n\t\t\t\t\t\t\t\tdata-type=\"image\"\n\t\t\t\t\t\t\t\tdata-rsp_ch=\"on\"\n\t\t\t\t\t\t\t\tdata-xy=\"x:c;xo:-2px,-2px,-2px,0;y:m;yo:28px,28px,28px,32px;\"\n\t\t\t\t\t\t\t\tdata-text=\"l:22;a:inherit;\"\n\t\t\t\t\t\t\t\tdata-dim=\"w:307px,307px,307px,178px;h:815px,815px,815px,473px;\"\n\t\t\t\t\t\t\t\tdata-btrans=\"rZ:10;\"\n\t\t\t\t\t\t\t\tdata-frame_0=\"sX:0.6;sY:0.6;\"\n\t\t\t\t\t\t\t\tdata-frame_1=\"e:easeOutQuint;sp:1200;sR:10;\"\n\t\t\t\t\t\t\t\tdata-frame_999=\"o:0;e:nothing;st:w;sR:7790;\"\n\t\t\t\t\t\t\t\tstyle=\"z-index:9;\"\n\t\t\t\t\t\t\t><img decoding=\"async\" src=\"\/\/golimak.pl\/wp-content\/plugins\/revslider\/public\/assets\/assets\/dummy.png\" alt=\"\" class=\"tp-rs-img rs-lazyload\" width=\"297\" height=\"788\" data-lazyload=\"\/\/golimak.pl\/wp-content\/uploads\/2023\/11\/makaron_krolewski2.png\" data-no-retina> \n\t\t\t\t\t\t\t<\/rs-layer><!--\n\n\t\t\t\t\t\t\t--><h4\n\t\t\t\t\t\t\t\tid=\"slider-2-slide-4-layer-5\" \n\t\t\t\t\t\t\t\tclass=\"rs-layer rs-pxl-10\"\n\t\t\t\t\t\t\t\tdata-type=\"text\"\n\t\t\t\t\t\t\t\tdata-rsp_ch=\"on\"\n\t\t\t\t\t\t\t\tdata-xy=\"x:l,l,l,c;xo:261px,-18px,-18px,0;y:m;yo:0,0,0,-234px;\"\n\t\t\t\t\t\t\t\tdata-text=\"s:30,30,30,36;l:40,40,40,43;fw:500;a:inherit;\"\n\t\t\t\t\t\t\t\tdata-dim=\"w:251px,251px,251px,auto;\"\n\t\t\t\t\t\t\t\tdata-padding=\"t:15,15,15,10;r:30,30,30,10;b:15,15,15,10;l:30,30,30,10;\"\n\t\t\t\t\t\t\t\tdata-frame_0=\"x:left;o:1;\"\n\t\t\t\t\t\t\t\tdata-frame_1=\"x:0,0,0,0px;y:0,0,0,0px;e:expo.out;st:150;sp:1200;sR:150;\"\n\t\t\t\t\t\t\t\tdata-frame_999=\"o:0;e:nothing;st:w;sR:7650;\"\n\t\t\t\t\t\t\t\tstyle=\"z-index:10;background-color:#e5261e;font-family:'Playfair Display';\"\n\t\t\t\t\t\t\t>ROYAL PASTA \n\t\t\t\t\t\t\t<\/h4><!--\n\n\t\t\t\t\t\t\t--><h4\n\t\t\t\t\t\t\t\tid=\"slider-2-slide-4-layer-6\" \n\t\t\t\t\t\t\t\tclass=\"rs-layer rs-pxl-10\"\n\t\t\t\t\t\t\t\tdata-type=\"text\"\n\t\t\t\t\t\t\t\tdata-rsp_ch=\"on\"\n\t\t\t\t\t\t\t\tdata-xy=\"x:r,r,r,c;xo:113px,49px,49px,0;y:m;yo:150px,150px,150px,298px;\"\n\t\t\t\t\t\t\t\tdata-text=\"s:30,30,30,38;l:40,40,40,46;fw:500;a:inherit;\"\n\t\t\t\t\t\t\t\tdata-dim=\"w:424px,424px,424px,auto;\"\n\t\t\t\t\t\t\t\tdata-padding=\"t:15,15,15,10;r:30,30,30,20;b:15,15,15,10;l:30,30,30,20;\"\n\t\t\t\t\t\t\t\tdata-frame_0=\"x:right;o:1;\"\n\t\t\t\t\t\t\t\tdata-frame_1=\"x:0,0,0,0px;y:0,0,0,0px;e:expo.out;st:150;sp:1200;sR:150;\"\n\t\t\t\t\t\t\t\tdata-frame_999=\"o:0;e:nothing;st:w;sR:7650;\"\n\t\t\t\t\t\t\t\tstyle=\"z-index:8;background-color:#cca357;font-family:'Playfair Display';\"\n\t\t\t\t\t\t\t>QUALITY AND TRADITION \n\t\t\t\t\t\t\t<\/h4><!--\n\n\t\t\t\t\t\t\t--><rs-layer\n\t\t\t\t\t\t\t\tid=\"slider-2-slide-4-layer-8\" \n\t\t\t\t\t\t\t\tclass=\"rs-pxl-9\"\n\t\t\t\t\t\t\t\tdata-type=\"image\"\n\t\t\t\t\t\t\t\tdata-rsp_ch=\"on\"\n\t\t\t\t\t\t\t\tdata-xy=\"x:c;xo:-33px,-33px,-33px,448px;y:m;yo:14px,14px,14px,37px;\"\n\t\t\t\t\t\t\t\tdata-text=\"l:22;a:inherit;\"\n\t\t\t\t\t\t\t\tdata-dim=\"w:1299px,1299px,1299px,804px;h:454px,454px,454px,281px;\"\n\t\t\t\t\t\t\t\tdata-frame_0=\"sX:0.9;sY:0.9;\"\n\t\t\t\t\t\t\t\tdata-frame_1=\"e:power2.out;st:50;sp:800;sR:50;\"\n\t\t\t\t\t\t\t\tdata-frame_999=\"o:0;e:nothing;st:w;sR:8150;\"\n\t\t\t\t\t\t\t\tstyle=\"z-index:12;\"\n\t\t\t\t\t\t\t><img decoding=\"async\" src=\"\/\/golimak.pl\/wp-content\/plugins\/revslider\/public\/assets\/assets\/dummy.png\" alt=\"\" class=\"tp-rs-img rs-lazyload\" width=\"1460\" height=\"510\" data-lazyload=\"\/\/golimak.pl\/wp-content\/uploads\/revslider\/sweets-bakery\/bakery-slider-1-l-2.png\" data-no-retina> \n\t\t\t\t\t\t\t<\/rs-layer><!--\n-->\t\t\t\t\t\t<\/rs-slide>\n\t\t\t\t\t<\/rs-slides>\n\t\t\t\t<\/rs-module>\n\t\t\t\t<script>\n\t\t\t\t\tsetREVStartSize({c: 'sweets-bakery_1',rl:[1240,1024,1024,480],el:[920,768,768,850],gw:[1240,1024,1024,480],gh:[920,768,768,850],type:'standard',justify:'',layout:'fullwidth',mh:\"0\"});if (window.RS_MODULES!==undefined && window.RS_MODULES.modules!==undefined && window.RS_MODULES.modules[\"sweetsbakery1\"]!==undefined) {window.RS_MODULES.modules[\"sweetsbakery1\"].once = false;window.revapi2 = undefined;if (window.RS_MODULES.checkMinimal!==undefined) window.RS_MODULES.checkMinimal()}\n\t\t\t\t<\/script>\n\t\t\t<\/rs-module-wrap>\n\t\t\t<!-- END REVOLUTION SLIDER -->\n<\/div>\r\n\r\n\t\t\t\t<\/div>\r\n\t\t\t\t<\/div>\r\n\t\t\t\t\t<\/div>\r\n\t\t<\/div>\r\n\t\t\t\t\t\t\t<\/div>\r\n\t\t<\/section>\r\n\t\t\t\t<section class=\"wd-negative-gap elementor-section elementor-top-section elementor-element elementor-element-6002d823 wd-section-stretch elementor-section-boxed elementor-section-height-default elementor-section-height-default\" data-id=\"6002d823\" data-element_type=\"section\" data-settings=\"{&quot;background_background&quot;:&quot;classic&quot;}\">\r\n\t\t\t\t\t\t\t<div class=\"elementor-background-overlay\"><\/div>\r\n\t\t\t\t\t\t\t<div class=\"elementor-container elementor-column-gap-default\">\r\n\t\t\t\t\t<div class=\"elementor-column elementor-col-100 elementor-top-column elementor-element elementor-element-4eec8ca6\" data-id=\"4eec8ca6\" data-element_type=\"column\">\r\n\t\t\t<div class=\"elementor-widget-wrap elementor-element-populated\">\r\n\t\t\t\t\t\t\t\t<div class=\"elementor-element elementor-element-15e52a9e elementor-widget elementor-widget-wd_title\" data-id=\"15e52a9e\" data-element_type=\"widget\" data-widget_type=\"wd_title.default\">\r\n\t\t\t\t<div class=\"elementor-widget-container\">\r\n\t\t\t\t\t<div class=\"title-wrapper set-mb-s reset-last-child wd-title-color-primary wd-title-style-overlined wd-title-size-large text-center\">\r\n\r\n\t\t\t\t\t\t\t<div class=\"title-subtitle subtitle-color-primary subtitle-style-default wd-fontsize-xs\">\r\n\t\t\t\t\tGOLIMAK\t\t\t\t<\/div>\r\n\t\t\t\r\n\t\t\t<div class=\"liner-continer\">\r\n\t\t\t\t<h4 class=\"woodmart-title-container title wd-fontsize-xxl\">GET TO KNOW OUR PASTA<\/h4> \r\n\t\t\t\t\t\t\t<\/div>\r\n\r\n\t\t\t\t\t<\/div>\r\n\t\t\t\t<\/div>\r\n\t\t\t\t<\/div>\r\n\t\t\t\t<div class=\"elementor-element elementor-element-72d2a7f elementor-widget elementor-widget-wd_image_or_svg\" data-id=\"72d2a7f\" data-element_type=\"widget\" data-widget_type=\"wd_image_or_svg.default\">\r\n\t\t\t\t<div class=\"elementor-widget-container\">\r\n\t\t\t\r\n\t\t<div class=\"wd-image text-center\">\r\n\t\t\t\t\t\t\t\t<img loading=\"lazy\" decoding=\"async\" width=\"928\" height=\"488\" src=\"https:\/\/golimak.pl\/wp-content\/uploads\/2023\/11\/golimak-makarony.png\" class=\"attachment-full size-full\" alt=\"\" srcset=\"https:\/\/golimak.pl\/wp-content\/uploads\/2023\/11\/golimak-makarony.png 928w, https:\/\/golimak.pl\/wp-content\/uploads\/2023\/11\/golimak-makarony-400x210.png 400w, https:\/\/golimak.pl\/wp-content\/uploads\/2023\/11\/golimak-makarony-768x404.png 768w, https:\/\/golimak.pl\/wp-content\/uploads\/2023\/11\/golimak-makarony-860x452.png 860w, https:\/\/golimak.pl\/wp-content\/uploads\/2023\/11\/golimak-makarony-430x226.png 430w, https:\/\/golimak.pl\/wp-content\/uploads\/2023\/11\/golimak-makarony-700x368.png 700w, https:\/\/golimak.pl\/wp-content\/uploads\/2023\/11\/golimak-makarony-150x79.png 150w\" sizes=\"(max-width: 928px) 100vw, 928px\" \/>\t\t\t\t\t<\/div>\r\n\r\n\t\t\t\t<\/div>\r\n\t\t\t\t<\/div>\r\n\t\t\t\t<div class=\"elementor-element elementor-element-79935636 elementor-widget elementor-widget-wd_button\" data-id=\"79935636\" data-element_type=\"widget\" data-widget_type=\"wd_button.default\">\r\n\t\t\t\t<div class=\"elementor-widget-container\">\r\n\t\t\t\t\t<div class=\"wd-button-wrapper text-center\" >\r\n\t\t\t<a class=\"btn btn-style-default btn-style-rectangle btn-size-default btn-color-primary btn-icon-pos-right\"  href=\"\/en\/golimak\/nasze-makarony\/\">\r\n\t\t\t\t<span class=\"wd-btn-text\" data-elementor-setting-key=\"text\">\r\n\t\t\t\t\tCheck our pasta\t\t\t\t<\/span>\r\n\r\n\t\t\t\t\t\t\t\t\t<span class=\"wd-btn-icon\">\r\n\t\t\t\t\t\t<svg class=\"wd-icon e-font-icon-svg e-fas-long-arrow-alt-right\" viewbox=\"0 0 448 512\" xmlns=\"http:\/\/www.w3.org\/2000\/svg\"><path d=\"M313.941 216H12c-6.627 0-12 5.373-12 12v56c0 6.627 5.373 12 12 12h301.941v46.059c0 21.382 25.851 32.09 40.971 16.971l86.059-86.059c9.373-9.373 9.373-24.569 0-33.941l-86.059-86.059c-15.119-15.119-40.971-4.411-40.971 16.971V216z\"><\/path><\/svg>\t\t\t\t\t<\/span>\r\n\t\t\t\t\t\t\t<\/a>\r\n\t\t<\/div>\r\n\t\t\t\t<\/div>\r\n\t\t\t\t<\/div>\r\n\t\t\t\t\t<\/div>\r\n\t\t<\/div>\r\n\t\t\t\t\t\t\t<\/div>\r\n\t\t<\/section>\r\n\t\t\t\t\t\t\t<\/div>","protected":false},"excerpt":{"rendered":"<p>GOLIMAK POZNAJ NASZE MAKARONY Sprawd\u017a produkty<\/p>","protected":false},"author":1,"featured_media":0,"parent":0,"menu_order":0,"comment_status":"closed","ping_status":"closed","template":"","meta":{"footnotes":""},"class_list":["post-6592","page","type-page","status-publish","hentry"],"yoast_head":"<!-- This site is optimized with the Yoast SEO plugin v23.8 - https:\/\/yoast.com\/wordpress\/plugins\/seo\/ -->\n<title>Strona g\u0142\u00f3wna - Golimak - producent makaron\u00f3w<\/title>\n<meta name=\"robots\" content=\"index, follow, max-snippet:-1, max-image-preview:large, max-video-preview:-1\" \/>\n<link rel=\"canonical\" href=\"https:\/\/golimak.pl\/en\/\" \/>\n<meta property=\"og:locale\" content=\"en_GB\" \/>\n<meta property=\"og:type\" content=\"article\" \/>\n<meta property=\"og:title\" content=\"Strona g\u0142\u00f3wna - Golimak - producent makaron\u00f3w\" \/>\n<meta property=\"og:description\" content=\"GOLIMAK POZNAJ NASZE MAKARONY Sprawd\u017a produkty\" \/>\n<meta property=\"og:url\" content=\"https:\/\/golimak.pl\/en\/\" \/>\n<meta property=\"og:site_name\" content=\"Golimak - producent makaron\u00f3w\" \/>\n<meta property=\"article:modified_time\" content=\"2024-01-25T07:48:04+00:00\" \/>\n<meta property=\"og:image\" content=\"http:\/\/golimak.pl\/wp-content\/uploads\/2023\/11\/golimak-makarony.png\" \/>\n<meta name=\"twitter:card\" content=\"summary_large_image\" \/>\n<script type=\"application\/ld+json\" class=\"yoast-schema-graph\">{\"@context\":\"https:\/\/schema.org\",\"@graph\":[{\"@type\":\"WebPage\",\"@id\":\"https:\/\/golimak.pl\/\",\"url\":\"https:\/\/golimak.pl\/\",\"name\":\"Strona g\u0142\u00f3wna - Golimak - producent makaron\u00f3w\",\"isPartOf\":{\"@id\":\"https:\/\/golimak.pl\/#website\"},\"primaryImageOfPage\":{\"@id\":\"https:\/\/golimak.pl\/#primaryimage\"},\"image\":{\"@id\":\"https:\/\/golimak.pl\/#primaryimage\"},\"thumbnailUrl\":\"http:\/\/golimak.pl\/wp-content\/uploads\/2023\/11\/golimak-makarony.png\",\"datePublished\":\"2021-10-22T14:21:16+00:00\",\"dateModified\":\"2024-01-25T07:48:04+00:00\",\"breadcrumb\":{\"@id\":\"https:\/\/golimak.pl\/#breadcrumb\"},\"inLanguage\":\"en-GB\",\"potentialAction\":[{\"@type\":\"ReadAction\",\"target\":[\"https:\/\/golimak.pl\/\"]}]},{\"@type\":\"ImageObject\",\"inLanguage\":\"en-GB\",\"@id\":\"https:\/\/golimak.pl\/#primaryimage\",\"url\":\"http:\/\/golimak.pl\/wp-content\/uploads\/2023\/11\/golimak-makarony.png\",\"contentUrl\":\"http:\/\/golimak.pl\/wp-content\/uploads\/2023\/11\/golimak-makarony.png\"},{\"@type\":\"BreadcrumbList\",\"@id\":\"https:\/\/golimak.pl\/#breadcrumb\",\"itemListElement\":[{\"@type\":\"ListItem\",\"position\":1,\"name\":\"Strona g\u0142\u00f3wna\",\"item\":\"https:\/\/golimak.pl\/\"},{\"@type\":\"ListItem\",\"position\":2,\"name\":\"Strona g\u0142\u00f3wna\"}]},{\"@type\":\"WebSite\",\"@id\":\"https:\/\/golimak.pl\/#website\",\"url\":\"https:\/\/golimak.pl\/\",\"name\":\"Golimak - producent makaron\u00f3w\",\"description\":\"\",\"publisher\":{\"@id\":\"https:\/\/golimak.pl\/#organization\"},\"potentialAction\":[{\"@type\":\"SearchAction\",\"target\":{\"@type\":\"EntryPoint\",\"urlTemplate\":\"https:\/\/golimak.pl\/?s={search_term_string}\"},\"query-input\":{\"@type\":\"PropertyValueSpecification\",\"valueRequired\":true,\"valueName\":\"search_term_string\"}}],\"inLanguage\":\"en-GB\"},{\"@type\":\"Organization\",\"@id\":\"https:\/\/golimak.pl\/#organization\",\"name\":\"Golimak - producent makaron\u00f3w\",\"url\":\"https:\/\/golimak.pl\/\",\"logo\":{\"@type\":\"ImageObject\",\"inLanguage\":\"en-GB\",\"@id\":\"https:\/\/golimak.pl\/#\/schema\/logo\/image\/\",\"url\":\"https:\/\/golimak.pl\/wp-content\/uploads\/2024\/09\/golimak-logo.png\",\"contentUrl\":\"https:\/\/golimak.pl\/wp-content\/uploads\/2024\/09\/golimak-logo.png\",\"width\":284,\"height\":153,\"caption\":\"Golimak - producent makaron\u00f3w\"},\"image\":{\"@id\":\"https:\/\/golimak.pl\/#\/schema\/logo\/image\/\"}}]}<\/script>\n<!-- \/ Yoast SEO plugin. -->","yoast_head_json":{"title":"Strona g\u0142\u00f3wna - Golimak - producent makaron\u00f3w","robots":{"index":"index","follow":"follow","max-snippet":"max-snippet:-1","max-image-preview":"max-image-preview:large","max-video-preview":"max-video-preview:-1"},"canonical":"https:\/\/golimak.pl\/en\/","og_locale":"en_GB","og_type":"article","og_title":"Strona g\u0142\u00f3wna - Golimak - producent makaron\u00f3w","og_description":"GOLIMAK POZNAJ NASZE MAKARONY Sprawd\u017a produkty","og_url":"https:\/\/golimak.pl\/en\/","og_site_name":"Golimak - producent makaron\u00f3w","article_modified_time":"2024-01-25T07:48:04+00:00","og_image":[{"url":"http:\/\/golimak.pl\/wp-content\/uploads\/2023\/11\/golimak-makarony.png"}],"twitter_card":"summary_large_image","schema":{"@context":"https:\/\/schema.org","@graph":[{"@type":"WebPage","@id":"https:\/\/golimak.pl\/","url":"https:\/\/golimak.pl\/","name":"Strona g\u0142\u00f3wna - Golimak - producent makaron\u00f3w","isPartOf":{"@id":"https:\/\/golimak.pl\/#website"},"primaryImageOfPage":{"@id":"https:\/\/golimak.pl\/#primaryimage"},"image":{"@id":"https:\/\/golimak.pl\/#primaryimage"},"thumbnailUrl":"http:\/\/golimak.pl\/wp-content\/uploads\/2023\/11\/golimak-makarony.png","datePublished":"2021-10-22T14:21:16+00:00","dateModified":"2024-01-25T07:48:04+00:00","breadcrumb":{"@id":"https:\/\/golimak.pl\/#breadcrumb"},"inLanguage":"en-GB","potentialAction":[{"@type":"ReadAction","target":["https:\/\/golimak.pl\/"]}]},{"@type":"ImageObject","inLanguage":"en-GB","@id":"https:\/\/golimak.pl\/#primaryimage","url":"http:\/\/golimak.pl\/wp-content\/uploads\/2023\/11\/golimak-makarony.png","contentUrl":"http:\/\/golimak.pl\/wp-content\/uploads\/2023\/11\/golimak-makarony.png"},{"@type":"BreadcrumbList","@id":"https:\/\/golimak.pl\/#breadcrumb","itemListElement":[{"@type":"ListItem","position":1,"name":"Strona g\u0142\u00f3wna","item":"https:\/\/golimak.pl\/"},{"@type":"ListItem","position":2,"name":"Strona g\u0142\u00f3wna"}]},{"@type":"WebSite","@id":"https:\/\/golimak.pl\/#website","url":"https:\/\/golimak.pl\/","name":"Golimak - producent makaron\u00f3w","description":"","publisher":{"@id":"https:\/\/golimak.pl\/#organization"},"potentialAction":[{"@type":"SearchAction","target":{"@type":"EntryPoint","urlTemplate":"https:\/\/golimak.pl\/?s={search_term_string}"},"query-input":{"@type":"PropertyValueSpecification","valueRequired":true,"valueName":"search_term_string"}}],"inLanguage":"en-GB"},{"@type":"Organization","@id":"https:\/\/golimak.pl\/#organization","name":"Golimak - producent makaron\u00f3w","url":"https:\/\/golimak.pl\/","logo":{"@type":"ImageObject","inLanguage":"en-GB","@id":"https:\/\/golimak.pl\/#\/schema\/logo\/image\/","url":"https:\/\/golimak.pl\/wp-content\/uploads\/2024\/09\/golimak-logo.png","contentUrl":"https:\/\/golimak.pl\/wp-content\/uploads\/2024\/09\/golimak-logo.png","width":284,"height":153,"caption":"Golimak - producent makaron\u00f3w"},"image":{"@id":"https:\/\/golimak.pl\/#\/schema\/logo\/image\/"}}]}},"_links":{"self":[{"href":"https:\/\/golimak.pl\/en\/wp-json\/wp\/v2\/pages\/6592","targetHints":{"allow":["GET"]}}],"collection":[{"href":"https:\/\/golimak.pl\/en\/wp-json\/wp\/v2\/pages"}],"about":[{"href":"https:\/\/golimak.pl\/en\/wp-json\/wp\/v2\/types\/page"}],"author":[{"embeddable":true,"href":"https:\/\/golimak.pl\/en\/wp-json\/wp\/v2\/users\/1"}],"replies":[{"embeddable":true,"href":"https:\/\/golimak.pl\/en\/wp-json\/wp\/v2\/comments?post=6592"}],"version-history":[{"count":1,"href":"https:\/\/golimak.pl\/en\/wp-json\/wp\/v2\/pages\/6592\/revisions"}],"predecessor-version":[{"id":16375,"href":"https:\/\/golimak.pl\/en\/wp-json\/wp\/v2\/pages\/6592\/revisions\/16375"}],"wp:attachment":[{"href":"https:\/\/golimak.pl\/en\/wp-json\/wp\/v2\/media?parent=6592"}],"curies":[{"name":"wp","href":"https:\/\/api.w.org\/{rel}","templated":true}]}}