{"id":4400,"date":"2021-10-12T15:51:09","date_gmt":"2021-10-12T13:51:09","guid":{"rendered":"http:\/\/dummy.xtemos.com\/woodmart2\/elementor\/?page_id=4400"},"modified":"2023-11-05T10:34:57","modified_gmt":"2023-11-05T09:34:57","slug":"o-firmie","status":"publish","type":"page","link":"https:\/\/golimak.pl\/en\/o-firmie\/","title":{"rendered":"About"},"content":{"rendered":"<div data-elementor-type=\"wp-page\" data-elementor-id=\"4400\" class=\"elementor elementor-4400\">\r\n\t\t\t\t\t\t\t\t\t<section class=\"elementor-section elementor-top-section elementor-element elementor-element-2781508e elementor-section-content-middle elementor-section-full_width elementor-section-stretched elementor-section-height-default elementor-section-height-default wd-section-disabled\" data-id=\"2781508e\" data-element_type=\"section\" data-settings=\"{&quot;stretch_section&quot;:&quot;section-stretched&quot;,&quot;background_background&quot;:&quot;classic&quot;,&quot;shape_divider_bottom&quot;:&quot;wd_waves_small&quot;}\">\r\n\t\t\t\t\t<div class=\"elementor-shape elementor-shape-bottom\" data-negative=\"false\">\r\n\t\t\t<svg xmlns=\"http:\/\/www.w3.org\/2000\/svg\" class=\"wd-divider\" xmlns:xlink=\"http:\/\/www.w3.org\/1999\/xlink\" x=\"0px\" y=\"0px\"\r\nviewbox=\"0 0 100 3\" width=\"100%\" height=\"3vw\" preserveaspectratio=\"none\">\r\n<path class=\"elementor-shape-fill\" d=\"M100,0v0.8c-0.7,0-0.7,0.6-1.4,0.6c-0.7,0-0.7-0.6-1.5-0.6c-0.7,0-0.7,0.6-1.5,0.6c-0.7,0-0.7-0.6-1.5-0.6\tc-0.7,0-0.7,0.6-1.5,0.6c-0.6,0-0.6-0.6-1.4-0.6c-0.7,0-0.7,0.6-1.5,0.6c-0.7,0-0.7-0.6-1.4-0.6s-0.7,0.6-1.5,0.6\tc-0.7,0-0.7-0.6-1.5-0.6c-0.7,0-0.7,0.6-1.5,0.6c-0.7,0-0.7-0.6-1.5-0.6c-0.7,0-0.7,0.6-1.5,0.6c-0.7,0-0.7-0.6-1.5-0.6\tc-0.6,0-0.6,0.6-1.3,0.6s-0.7-0.6-1.5-0.6c-0.7,0-0.7,0.6-1.5,0.6c-0.7,0-0.7-0.6-1.5-0.6c-0.7,0-0.7,0.6-1.5,0.6\tc-0.7,0-0.7-0.6-1.5-0.6c-0.7,0-0.7,0.6-1.5,0.6c-0.7,0-0.7-0.6-1.5-0.6c-0.5,0-0.5,0.6-1.3,0.6c-0.7,0-0.7-0.6-1.5-0.6\tc-0.7,0-0.7,0.6-1.4,0.6s-0.7-0.6-1.5-0.6c-0.7,0-0.7,0.6-1.5,0.6c-0.7,0-0.7-0.6-1.5-0.6s-0.7,0.6-1.4,0.6c-0.7,0-0.7-0.6-1.5-0.6\tc-0.7,0-0.7,0.6-1.5,0.6c-0.7,0-0.7-0.6-1.5-0.6c-0.7,0-0.7,0.6-1.5,0.6c-0.7,0-0.7-0.6-1.5-0.6c-0.7,0-0.7,0.6-1.5,0.6\ts-0.7-0.6-1.5-0.6c-0.7,0-0.7,0.6-1.5,0.6c-0.7,0-0.7-0.6-1.5-0.6c-0.7,0-0.6,0.6-1.4,0.6c-0.8,0-0.7-0.6-1.3-0.6\tc-0.7,0-0.7,0.6-1.5,0.6c-0.7,0-0.7-0.6-1.4-0.6s-0.7,0.6-1.5,0.6s-0.7-0.6-1.5-0.6c-0.7,0-0.7,0.6-1.5,0.6c-0.7,0-0.7-0.6-1.5-0.6\tc-0.6,0-0.6,0.6-1.3,0.6s-0.7-0.6-1.5-0.6c-0.7,0-0.7,0.6-1.5,0.6c-0.7,0-0.7-0.6-1.5-0.6c-0.7,0-0.7,0.6-1.5,0.6\tc-0.7,0-0.7-0.6-1.5-0.6c-0.7,0-0.7,0.6-1.5,0.6c-0.7,0-0.7-0.6-1.5-0.6s-0.6,0.6-1.3,0.6c-0.7,0-0.7-0.6-1.5-0.6\tc-0.7,0-0.7,0.6-1.4,0.6c-0.7,0-0.7-0.6-1.5-0.6c-0.7,0-0.7,0.6-1.5,0.6c-0.7,0-0.7-0.6-1.5-0.6c-0.7,0-0.7,0.6-1.5,0.6\tc-0.7,0-0.7-0.6-1.5-0.6c-0.6,0-0.6,0.6-1.3,0.6C6.7,1.4,6.7,0.8,6,0.8S5.3,1.4,4.5,1.4C3.8,1.4,3.8,0.8,3,0.8\tc-0.7,0-0.7,0.6-1.4,0.6S0.9,0.8,0.1,0.8c0,0-0.1,0-0.1,0V0H100z\"\/>\r\n<\/svg>\r\n\t\t<\/div>\r\n\t\t\t\t\t<div class=\"elementor-container elementor-column-gap-extended\">\r\n\t\t\t\t\t<div class=\"elementor-column elementor-col-100 elementor-top-column elementor-element elementor-element-21ead7f6\" data-id=\"21ead7f6\" data-element_type=\"column\">\r\n\t\t\t<div class=\"elementor-widget-wrap elementor-element-populated\">\r\n\t\t\t\t\t\t\t\t<div class=\"elementor-element elementor-element-24f5e6fc elementor-widget elementor-widget-wd_title\" data-id=\"24f5e6fc\" data-element_type=\"widget\" data-widget_type=\"wd_title.default\">\r\n\t\t\t\t<div class=\"elementor-widget-container\">\r\n\t\t\t\t\t<div class=\"title-wrapper set-mb-s reset-last-child wd-title-color-alt wd-title-style-default wd-title-size-large text-center\">\r\n\r\n\t\t\t\r\n\t\t\t<div class=\"liner-continer\">\r\n\t\t\t\t<h4 class=\"woodmart-title-container title wd-fontsize-xxl\">About<\/h4> \r\n\t\t\t\t\t\t\t<\/div>\r\n\r\n\t\t\t\t\t<\/div>\r\n\t\t\t\t<\/div>\r\n\t\t\t\t<\/div>\r\n\t\t\t\t<div class=\"elementor-element elementor-element-5590780e elementor-widget elementor-widget-wd_text_block\" data-id=\"5590780e\" data-element_type=\"widget\" data-widget_type=\"wd_text_block.default\">\r\n\t\t\t\t<div class=\"elementor-widget-container\">\r\n\t\t\t\t\t<div class=\"wd-text-block reset-last-child text-center\">\r\n\t\t\t\r\n\t\t\t<a style=\"color: #c2c2c2;\" href=\"index.php\">Home<\/a> \/ About\r\n\t\t\t\t\t<\/div>\r\n\t\t\t\t<\/div>\r\n\t\t\t\t<\/div>\r\n\t\t\t\t\t<\/div>\r\n\t\t<\/div>\r\n\t\t\t\t\t\t\t<\/div>\r\n\t\t<\/section>\r\n\t\t\t\t<section class=\"elementor-section elementor-top-section elementor-element elementor-element-c4296cd elementor-section-content-middle elementor-section-full_width elementor-section-height-default elementor-section-height-default wd-section-disabled\" data-id=\"c4296cd\" data-element_type=\"section\">\r\n\t\t\t\t\t\t<div class=\"elementor-container elementor-column-gap-extended\">\r\n\t\t\t\t\t<div class=\"elementor-column elementor-col-50 elementor-top-column elementor-element elementor-element-81c9b71\" data-id=\"81c9b71\" data-element_type=\"column\">\r\n\t\t\t<div class=\"elementor-widget-wrap elementor-element-populated\">\r\n\t\t\t\t\t\t\t\t<div class=\"elementor-element elementor-element-5a59f24 elementor-widget elementor-widget-wd_title\" data-id=\"5a59f24\" data-element_type=\"widget\" data-widget_type=\"wd_title.default\">\r\n\t\t\t\t<div class=\"elementor-widget-container\">\r\n\t\t\t\t\t<div class=\"title-wrapper set-mb-s reset-last-child wd-title-color-alt wd-title-style-default wd-title-size-large text-left\">\r\n\r\n\t\t\t\t\t\t\t<div class=\"title-subtitle subtitle-color-alt subtitle-style-default wd-fontsize-xs\">\r\n\t\t\t\t\tA family company with tradition\t\t\t\t<\/div>\r\n\t\t\t\r\n\t\t\t<div class=\"liner-continer\">\r\n\t\t\t\t<h4 class=\"woodmart-title-container title wd-fontsize-xxl\">Pasta that tastes like home-made!<\/h4> \r\n\t\t\t\t\t\t\t<\/div>\r\n\r\n\t\t\t\t\t<\/div>\r\n\t\t\t\t<\/div>\r\n\t\t\t\t<\/div>\r\n\t\t\t\t<div class=\"elementor-element elementor-element-614e5f5 elementor-widget elementor-widget-wd_text_block\" data-id=\"614e5f5\" data-element_type=\"widget\" data-widget_type=\"wd_text_block.default\">\r\n\t\t\t\t<div class=\"elementor-widget-container\">\r\n\t\t\t\t\t<div class=\"wd-text-block reset-last-child text-left\">\r\n\t\t\t\r\n\t\t\t<p>The \"GOLIMAK\" company was founded in 2004 in Ko\u015bcielec, commune. R\u0119dziny. It is a family company that produces various types of pasta based on the highest Polish quality flour with the addition of fresh eggs. Our pastas are characterized by an outstanding and delicate taste, they are a perfect addition to soups, sauces and salads. Currently, our assortment includes 40 types of pasta of various types, ranging from rolled pasta to pressed pasta of various shapes. For a long time we have also been producing pasta from quail eggs and pasta from \"DURUM\" wheat, which is high quality pasta. The company is constantly developing dynamically and conquering domestic and foreign markets.<\/p>\r\n\t\t\t\t\t<\/div>\r\n\t\t\t\t<\/div>\r\n\t\t\t\t<\/div>\r\n\t\t\t\t<section class=\"wd-negative-gap elementor-section elementor-inner-section elementor-element elementor-element-abe3216 elementor-section-boxed elementor-section-height-default elementor-section-height-default wd-section-disabled\" data-id=\"abe3216\" data-element_type=\"section\">\r\n\t\t\t\t\t\t<div class=\"elementor-container elementor-column-gap-default\">\r\n\t\t\t\t\t<div class=\"elementor-column elementor-col-50 elementor-inner-column elementor-element elementor-element-f3f1ad1\" data-id=\"f3f1ad1\" data-element_type=\"column\">\r\n\t\t\t<div class=\"elementor-widget-wrap elementor-element-populated\">\r\n\t\t\t\t\t\t\t\t<div class=\"elementor-element elementor-element-7b8988c elementor-widget elementor-widget-wd_infobox\" data-id=\"7b8988c\" data-element_type=\"widget\" data-widget_type=\"wd_infobox.default\">\r\n\t\t\t\t<div class=\"elementor-widget-container\">\r\n\t\t\t\t\t<div class=\"info-box-wrapper\">\r\n\t\t\t<div class=\"wd-info-box text-left box-icon-align-top box-style-bg-hover color-scheme-dark color-scheme-hover-light cursor-pointer\" onclick=\"window.location.href='#'\" style=\"\">\r\n\t\t\t\t\t\t\t\t\t<div class=\"box-icon-wrapper  box-with-text text-size-small box-icon-simple\">\r\n\t\t\t\t\t\t<div class=\"info-box-icon\">\r\n\t\t\t\t\t\t\t\t\t\t\t\t\t\t\t20 years\t\t\t\t\t\t\t\t\t\t\t\t\t<\/div>\r\n\t\t\t\t\t<\/div>\r\n\t\t\t\t\r\n\t\t\t\t<div class=\"info-box-content\">\r\n\t\t\t\t\t\r\n\t\t\t\t\t\r\n\t\t\t\t\t<div class=\"info-box-inner set-cont-mb-s reset-last-child\"data-elementor-setting-key=\"content\"><p>experience as a family business<\/p>\n<\/div>\r\n\t\r\n\t\t\t\t\t\t\t\t\t<\/div>\r\n\t\t\t<\/div>\r\n\t\t<\/div>\r\n\t\t\t\t<\/div>\r\n\t\t\t\t<\/div>\r\n\t\t\t\t<div class=\"elementor-element elementor-element-1a9a5ca elementor-widget elementor-widget-wd_infobox\" data-id=\"1a9a5ca\" data-element_type=\"widget\" data-widget_type=\"wd_infobox.default\">\r\n\t\t\t\t<div class=\"elementor-widget-container\">\r\n\t\t\t\t\t<div class=\"info-box-wrapper\">\r\n\t\t\t<div class=\"wd-info-box text-left box-icon-align-top box-style-bg-hover color-scheme-dark color-scheme-hover-light cursor-pointer\" onclick=\"window.location.href='#'\" style=\"\">\r\n\t\t\t\t\t\t\t\t\t<div class=\"box-icon-wrapper  box-with-text text-size-small box-icon-simple\">\r\n\t\t\t\t\t\t<div class=\"info-box-icon\">\r\n\t\t\t\t\t\t\t\t\t\t\t\t\t\t\t&quot;Durum&quot;\t\t\t\t\t\t\t\t\t\t\t\t\t<\/div>\r\n\t\t\t\t\t<\/div>\r\n\t\t\t\t\r\n\t\t\t\t<div class=\"info-box-content\">\r\n\t\t\t\t\t\r\n\t\t\t\t\t\r\n\t\t\t\t\t<div class=\"info-box-inner set-cont-mb-s reset-last-child\"data-elementor-setting-key=\"content\"><p>high quality flour means high quality pasta<\/p>\n<\/div>\r\n\t\r\n\t\t\t\t\t\t\t\t\t<\/div>\r\n\t\t\t<\/div>\r\n\t\t<\/div>\r\n\t\t\t\t<\/div>\r\n\t\t\t\t<\/div>\r\n\t\t\t\t\t<\/div>\r\n\t\t<\/div>\r\n\t\t\t\t<div class=\"elementor-column elementor-col-50 elementor-top-column elementor-element elementor-element-491836e\" data-id=\"491836e\" data-element_type=\"column\">\r\n\t\t\t<div class=\"elementor-widget-wrap elementor-element-populated\">\r\n\t\t\t\t\t\t\t\t<div class=\"elementor-element elementor-element-6d5aa6e elementor-widget elementor-widget-wd_infobox\" data-id=\"6d5aa6e\" data-element_type=\"widget\" data-widget_type=\"wd_infobox.default\">\r\n\t\t\t\t<div class=\"elementor-widget-container\">\r\n\t\t\t\t\t<div class=\"info-box-wrapper\">\r\n\t\t\t<div class=\"wd-info-box text-left box-icon-align-top box-style-bg-hover color-scheme-dark color-scheme-hover-light cursor-pointer\" onclick=\"window.location.href='#'\" style=\"\">\r\n\t\t\t\t\t\t\t\t\t<div class=\"box-icon-wrapper  box-with-text text-size-small box-icon-simple\">\r\n\t\t\t\t\t\t<div class=\"info-box-icon\">\r\n\t\t\t\t\t\t\t\t\t\t\t\t\t\t\t40\t\t\t\t\t\t\t\t\t\t\t\t\t<\/div>\r\n\t\t\t\t\t<\/div>\r\n\t\t\t\t\r\n\t\t\t\t<div class=\"info-box-content\">\r\n\t\t\t\t\t\r\n\t\t\t\t\t\r\n\t\t\t\t\t<div class=\"info-box-inner set-cont-mb-s reset-last-child\"data-elementor-setting-key=\"content\"><p>types of pasta for various purposes<\/p>\n<\/div>\r\n\t\r\n\t\t\t\t\t\t\t\t\t<\/div>\r\n\t\t\t<\/div>\r\n\t\t<\/div>\r\n\t\t\t\t<\/div>\r\n\t\t\t\t<\/div>\r\n\t\t\t\t<div class=\"elementor-element elementor-element-b89ed3f elementor-widget elementor-widget-wd_infobox\" data-id=\"b89ed3f\" data-element_type=\"widget\" data-widget_type=\"wd_infobox.default\">\r\n\t\t\t\t<div class=\"elementor-widget-container\">\r\n\t\t\t\t\t<div class=\"info-box-wrapper\">\r\n\t\t\t<div class=\"wd-info-box text-left box-icon-align-top box-style-bg-hover color-scheme-dark color-scheme-hover-light cursor-pointer\" onclick=\"window.location.href='#'\" style=\"\">\r\n\t\t\t\t\t\t\t\t\t<div class=\"box-icon-wrapper  box-with-text text-size-small box-icon-simple\">\r\n\t\t\t\t\t\t<div class=\"info-box-icon\">\r\n\t\t\t\t\t\t\t\t\t\t\t\t\t\t\tFresh eggs\t\t\t\t\t\t\t\t\t\t\t\t\t<\/div>\r\n\t\t\t\t\t<\/div>\r\n\t\t\t\t\r\n\t\t\t\t<div class=\"info-box-content\">\r\n\t\t\t\t\t\r\n\t\t\t\t\t\r\n\t\t\t\t\t<div class=\"info-box-inner set-cont-mb-s reset-last-child\"data-elementor-setting-key=\"content\"><p>this is the success of our pastas<\/p>\n<\/div>\r\n\t\r\n\t\t\t\t\t\t\t\t\t<\/div>\r\n\t\t\t<\/div>\r\n\t\t<\/div>\r\n\t\t\t\t<\/div>\r\n\t\t\t\t<\/div>\r\n\t\t\t\t\t<\/div>\r\n\t\t<\/div>\r\n\t\t\t\t\t\t\t<\/div>\r\n\t\t<\/section>\r\n\t\t\t\t\t<\/div>\r\n\t\t<\/div>\r\n\t\t\t\t<div class=\"elementor-column elementor-col-50 elementor-top-column elementor-element elementor-element-c1ac02f\" data-id=\"c1ac02f\" data-element_type=\"column\">\r\n\t\t\t<div class=\"elementor-widget-wrap elementor-element-populated\">\r\n\t\t\t\t\t\t\t\t<div class=\"elementor-element elementor-element-0cb0fb8 elementor-widget elementor-widget-wd_image_or_svg\" data-id=\"0cb0fb8\" data-element_type=\"widget\" data-widget_type=\"wd_image_or_svg.default\">\r\n\t\t\t\t<div class=\"elementor-widget-container\">\r\n\t\t\t\r\n\t\t<div class=\"wd-image text-center\">\r\n\t\t\t\t\t\t\t\t<img fetchpriority=\"high\" decoding=\"async\" width=\"572\" height=\"1101\" src=\"https:\/\/golimak.pl\/wp-content\/uploads\/2023\/11\/o-firmie-makarony.jpg\" class=\"attachment-full size-full\" alt=\"\" srcset=\"https:\/\/golimak.pl\/wp-content\/uploads\/2023\/11\/o-firmie-makarony.jpg 572w, https:\/\/golimak.pl\/wp-content\/uploads\/2023\/11\/o-firmie-makarony-156x300.jpg 156w, https:\/\/golimak.pl\/wp-content\/uploads\/2023\/11\/o-firmie-makarony-416x800.jpg 416w, https:\/\/golimak.pl\/wp-content\/uploads\/2023\/11\/o-firmie-makarony-430x828.jpg 430w, https:\/\/golimak.pl\/wp-content\/uploads\/2023\/11\/o-firmie-makarony-150x289.jpg 150w\" sizes=\"(max-width: 572px) 100vw, 572px\" \/>\t\t\t\t\t<\/div>\r\n\r\n\t\t\t\t<\/div>\r\n\t\t\t\t<\/div>\r\n\t\t\t\t\t<\/div>\r\n\t\t<\/div>\r\n\t\t\t\t\t\t\t<\/div>\r\n\t\t<\/section>\r\n\t\t\t\t\t\t\t<\/div>","protected":false},"excerpt":{"rendered":"<p>O firmie Strona g\u0142\u00f3wna \/ O firmie Rodzinna firma z tradycj\u0105 Makarony, kt\u00f3re smakuj\u0105 jak domowe! Firma ,,GOLIMAK\u201d zosta\u0142a za\u0142o\u017cona<\/p>","protected":false},"author":1,"featured_media":0,"parent":0,"menu_order":0,"comment_status":"closed","ping_status":"closed","template":"","meta":{"footnotes":""},"class_list":["post-4400","page","type-page","status-publish","hentry"],"yoast_head":"<!-- This site is optimized with the Yoast SEO plugin v23.8 - https:\/\/yoast.com\/wordpress\/plugins\/seo\/ -->\n<title>O firmie - Golimak - producent makaron\u00f3w<\/title>\n<meta name=\"robots\" content=\"index, follow, max-snippet:-1, max-image-preview:large, max-video-preview:-1\" \/>\n<link rel=\"canonical\" href=\"https:\/\/golimak.pl\/en\/o-firmie\/\" \/>\n<meta property=\"og:locale\" content=\"en_GB\" \/>\n<meta property=\"og:type\" content=\"article\" \/>\n<meta property=\"og:title\" content=\"O firmie - Golimak - producent makaron\u00f3w\" \/>\n<meta property=\"og:description\" content=\"O firmie Strona g\u0142\u00f3wna \/ O firmie Rodzinna firma z tradycj\u0105 Makarony, kt\u00f3re smakuj\u0105 jak domowe! Firma ,,GOLIMAK\u201d zosta\u0142a za\u0142o\u017cona\" \/>\n<meta property=\"og:url\" content=\"https:\/\/golimak.pl\/en\/o-firmie\/\" \/>\n<meta property=\"og:site_name\" content=\"Golimak - producent makaron\u00f3w\" \/>\n<meta property=\"article:modified_time\" content=\"2023-11-05T09:34:57+00:00\" \/>\n<meta property=\"og:image\" content=\"http:\/\/golimak.pl\/wp-content\/uploads\/2023\/11\/o-firmie-makarony.jpg\" \/>\n<meta name=\"twitter:card\" content=\"summary_large_image\" \/>\n<meta name=\"twitter:label1\" content=\"Estimated reading time\" \/>\n\t<meta name=\"twitter:data1\" content=\"1 minute\" \/>\n<script type=\"application\/ld+json\" class=\"yoast-schema-graph\">{\"@context\":\"https:\/\/schema.org\",\"@graph\":[{\"@type\":\"WebPage\",\"@id\":\"https:\/\/golimak.pl\/o-firmie\/\",\"url\":\"https:\/\/golimak.pl\/o-firmie\/\",\"name\":\"O firmie - Golimak - producent makaron\u00f3w\",\"isPartOf\":{\"@id\":\"https:\/\/golimak.pl\/#website\"},\"primaryImageOfPage\":{\"@id\":\"https:\/\/golimak.pl\/o-firmie\/#primaryimage\"},\"image\":{\"@id\":\"https:\/\/golimak.pl\/o-firmie\/#primaryimage\"},\"thumbnailUrl\":\"http:\/\/golimak.pl\/wp-content\/uploads\/2023\/11\/o-firmie-makarony.jpg\",\"datePublished\":\"2021-10-12T13:51:09+00:00\",\"dateModified\":\"2023-11-05T09:34:57+00:00\",\"breadcrumb\":{\"@id\":\"https:\/\/golimak.pl\/o-firmie\/#breadcrumb\"},\"inLanguage\":\"en-GB\",\"potentialAction\":[{\"@type\":\"ReadAction\",\"target\":[\"https:\/\/golimak.pl\/o-firmie\/\"]}]},{\"@type\":\"ImageObject\",\"inLanguage\":\"en-GB\",\"@id\":\"https:\/\/golimak.pl\/o-firmie\/#primaryimage\",\"url\":\"http:\/\/golimak.pl\/wp-content\/uploads\/2023\/11\/o-firmie-makarony.jpg\",\"contentUrl\":\"http:\/\/golimak.pl\/wp-content\/uploads\/2023\/11\/o-firmie-makarony.jpg\"},{\"@type\":\"BreadcrumbList\",\"@id\":\"https:\/\/golimak.pl\/o-firmie\/#breadcrumb\",\"itemListElement\":[{\"@type\":\"ListItem\",\"position\":1,\"name\":\"Strona g\u0142\u00f3wna\",\"item\":\"https:\/\/golimak.pl\/\"},{\"@type\":\"ListItem\",\"position\":2,\"name\":\"O firmie\"}]},{\"@type\":\"WebSite\",\"@id\":\"https:\/\/golimak.pl\/#website\",\"url\":\"https:\/\/golimak.pl\/\",\"name\":\"Golimak - producent makaron\u00f3w\",\"description\":\"\",\"publisher\":{\"@id\":\"https:\/\/golimak.pl\/#organization\"},\"potentialAction\":[{\"@type\":\"SearchAction\",\"target\":{\"@type\":\"EntryPoint\",\"urlTemplate\":\"https:\/\/golimak.pl\/?s={search_term_string}\"},\"query-input\":{\"@type\":\"PropertyValueSpecification\",\"valueRequired\":true,\"valueName\":\"search_term_string\"}}],\"inLanguage\":\"en-GB\"},{\"@type\":\"Organization\",\"@id\":\"https:\/\/golimak.pl\/#organization\",\"name\":\"Golimak - producent makaron\u00f3w\",\"url\":\"https:\/\/golimak.pl\/\",\"logo\":{\"@type\":\"ImageObject\",\"inLanguage\":\"en-GB\",\"@id\":\"https:\/\/golimak.pl\/#\/schema\/logo\/image\/\",\"url\":\"https:\/\/golimak.pl\/wp-content\/uploads\/2024\/09\/golimak-logo.png\",\"contentUrl\":\"https:\/\/golimak.pl\/wp-content\/uploads\/2024\/09\/golimak-logo.png\",\"width\":284,\"height\":153,\"caption\":\"Golimak - producent makaron\u00f3w\"},\"image\":{\"@id\":\"https:\/\/golimak.pl\/#\/schema\/logo\/image\/\"}}]}<\/script>\n<!-- \/ Yoast SEO plugin. -->","yoast_head_json":{"title":"O firmie - Golimak - producent makaron\u00f3w","robots":{"index":"index","follow":"follow","max-snippet":"max-snippet:-1","max-image-preview":"max-image-preview:large","max-video-preview":"max-video-preview:-1"},"canonical":"https:\/\/golimak.pl\/en\/o-firmie\/","og_locale":"en_GB","og_type":"article","og_title":"O firmie - Golimak - producent makaron\u00f3w","og_description":"O firmie Strona g\u0142\u00f3wna \/ O firmie Rodzinna firma z tradycj\u0105 Makarony, kt\u00f3re smakuj\u0105 jak domowe! Firma ,,GOLIMAK\u201d zosta\u0142a za\u0142o\u017cona","og_url":"https:\/\/golimak.pl\/en\/o-firmie\/","og_site_name":"Golimak - producent makaron\u00f3w","article_modified_time":"2023-11-05T09:34:57+00:00","og_image":[{"url":"http:\/\/golimak.pl\/wp-content\/uploads\/2023\/11\/o-firmie-makarony.jpg"}],"twitter_card":"summary_large_image","twitter_misc":{"Estimated reading time":"1 minute"},"schema":{"@context":"https:\/\/schema.org","@graph":[{"@type":"WebPage","@id":"https:\/\/golimak.pl\/o-firmie\/","url":"https:\/\/golimak.pl\/o-firmie\/","name":"O firmie - Golimak - producent makaron\u00f3w","isPartOf":{"@id":"https:\/\/golimak.pl\/#website"},"primaryImageOfPage":{"@id":"https:\/\/golimak.pl\/o-firmie\/#primaryimage"},"image":{"@id":"https:\/\/golimak.pl\/o-firmie\/#primaryimage"},"thumbnailUrl":"http:\/\/golimak.pl\/wp-content\/uploads\/2023\/11\/o-firmie-makarony.jpg","datePublished":"2021-10-12T13:51:09+00:00","dateModified":"2023-11-05T09:34:57+00:00","breadcrumb":{"@id":"https:\/\/golimak.pl\/o-firmie\/#breadcrumb"},"inLanguage":"en-GB","potentialAction":[{"@type":"ReadAction","target":["https:\/\/golimak.pl\/o-firmie\/"]}]},{"@type":"ImageObject","inLanguage":"en-GB","@id":"https:\/\/golimak.pl\/o-firmie\/#primaryimage","url":"http:\/\/golimak.pl\/wp-content\/uploads\/2023\/11\/o-firmie-makarony.jpg","contentUrl":"http:\/\/golimak.pl\/wp-content\/uploads\/2023\/11\/o-firmie-makarony.jpg"},{"@type":"BreadcrumbList","@id":"https:\/\/golimak.pl\/o-firmie\/#breadcrumb","itemListElement":[{"@type":"ListItem","position":1,"name":"Strona g\u0142\u00f3wna","item":"https:\/\/golimak.pl\/"},{"@type":"ListItem","position":2,"name":"O firmie"}]},{"@type":"WebSite","@id":"https:\/\/golimak.pl\/#website","url":"https:\/\/golimak.pl\/","name":"Golimak - producent makaron\u00f3w","description":"","publisher":{"@id":"https:\/\/golimak.pl\/#organization"},"potentialAction":[{"@type":"SearchAction","target":{"@type":"EntryPoint","urlTemplate":"https:\/\/golimak.pl\/?s={search_term_string}"},"query-input":{"@type":"PropertyValueSpecification","valueRequired":true,"valueName":"search_term_string"}}],"inLanguage":"en-GB"},{"@type":"Organization","@id":"https:\/\/golimak.pl\/#organization","name":"Golimak - producent makaron\u00f3w","url":"https:\/\/golimak.pl\/","logo":{"@type":"ImageObject","inLanguage":"en-GB","@id":"https:\/\/golimak.pl\/#\/schema\/logo\/image\/","url":"https:\/\/golimak.pl\/wp-content\/uploads\/2024\/09\/golimak-logo.png","contentUrl":"https:\/\/golimak.pl\/wp-content\/uploads\/2024\/09\/golimak-logo.png","width":284,"height":153,"caption":"Golimak - producent makaron\u00f3w"},"image":{"@id":"https:\/\/golimak.pl\/#\/schema\/logo\/image\/"}}]}},"_links":{"self":[{"href":"https:\/\/golimak.pl\/en\/wp-json\/wp\/v2\/pages\/4400","targetHints":{"allow":["GET"]}}],"collection":[{"href":"https:\/\/golimak.pl\/en\/wp-json\/wp\/v2\/pages"}],"about":[{"href":"https:\/\/golimak.pl\/en\/wp-json\/wp\/v2\/types\/page"}],"author":[{"embeddable":true,"href":"https:\/\/golimak.pl\/en\/wp-json\/wp\/v2\/users\/1"}],"replies":[{"embeddable":true,"href":"https:\/\/golimak.pl\/en\/wp-json\/wp\/v2\/comments?post=4400"}],"version-history":[{"count":0,"href":"https:\/\/golimak.pl\/en\/wp-json\/wp\/v2\/pages\/4400\/revisions"}],"wp:attachment":[{"href":"https:\/\/golimak.pl\/en\/wp-json\/wp\/v2\/media?parent=4400"}],"curies":[{"name":"wp","href":"https:\/\/api.w.org\/{rel}","templated":true}]}}