{"id":16022,"date":"2023-11-05T09:35:36","date_gmt":"2023-11-05T08:35:36","guid":{"rendered":"http:\/\/golimak.pl\/?page_id=16022"},"modified":"2023-11-05T14:57:30","modified_gmt":"2023-11-05T13:57:30","slug":"jakosc-i-tradycja","status":"publish","type":"page","link":"https:\/\/golimak.pl\/en\/jakosc-i-tradycja\/","title":{"rendered":"Quality and tradition"},"content":{"rendered":"<div data-elementor-type=\"wp-page\" data-elementor-id=\"16022\" class=\"elementor elementor-16022\">\r\n\t\t\t\t\t\t\t\t\t<section class=\"elementor-section elementor-top-section elementor-element elementor-element-58cff7b9 elementor-section-content-middle elementor-section-full_width elementor-section-stretched elementor-section-height-default elementor-section-height-default wd-section-disabled\" data-id=\"58cff7b9\" data-element_type=\"section\" data-settings=\"{&quot;stretch_section&quot;:&quot;section-stretched&quot;,&quot;background_background&quot;:&quot;classic&quot;,&quot;shape_divider_bottom&quot;:&quot;wd_waves_small&quot;}\">\r\n\t\t\t\t\t<div class=\"elementor-shape elementor-shape-bottom\" data-negative=\"false\">\r\n\t\t\t<svg xmlns=\"http:\/\/www.w3.org\/2000\/svg\" class=\"wd-divider\" xmlns:xlink=\"http:\/\/www.w3.org\/1999\/xlink\" x=\"0px\" y=\"0px\"\r\nviewbox=\"0 0 100 3\" width=\"100%\" height=\"3vw\" preserveaspectratio=\"none\">\r\n<path class=\"elementor-shape-fill\" d=\"M100,0v0.8c-0.7,0-0.7,0.6-1.4,0.6c-0.7,0-0.7-0.6-1.5-0.6c-0.7,0-0.7,0.6-1.5,0.6c-0.7,0-0.7-0.6-1.5-0.6\tc-0.7,0-0.7,0.6-1.5,0.6c-0.6,0-0.6-0.6-1.4-0.6c-0.7,0-0.7,0.6-1.5,0.6c-0.7,0-0.7-0.6-1.4-0.6s-0.7,0.6-1.5,0.6\tc-0.7,0-0.7-0.6-1.5-0.6c-0.7,0-0.7,0.6-1.5,0.6c-0.7,0-0.7-0.6-1.5-0.6c-0.7,0-0.7,0.6-1.5,0.6c-0.7,0-0.7-0.6-1.5-0.6\tc-0.6,0-0.6,0.6-1.3,0.6s-0.7-0.6-1.5-0.6c-0.7,0-0.7,0.6-1.5,0.6c-0.7,0-0.7-0.6-1.5-0.6c-0.7,0-0.7,0.6-1.5,0.6\tc-0.7,0-0.7-0.6-1.5-0.6c-0.7,0-0.7,0.6-1.5,0.6c-0.7,0-0.7-0.6-1.5-0.6c-0.5,0-0.5,0.6-1.3,0.6c-0.7,0-0.7-0.6-1.5-0.6\tc-0.7,0-0.7,0.6-1.4,0.6s-0.7-0.6-1.5-0.6c-0.7,0-0.7,0.6-1.5,0.6c-0.7,0-0.7-0.6-1.5-0.6s-0.7,0.6-1.4,0.6c-0.7,0-0.7-0.6-1.5-0.6\tc-0.7,0-0.7,0.6-1.5,0.6c-0.7,0-0.7-0.6-1.5-0.6c-0.7,0-0.7,0.6-1.5,0.6c-0.7,0-0.7-0.6-1.5-0.6c-0.7,0-0.7,0.6-1.5,0.6\ts-0.7-0.6-1.5-0.6c-0.7,0-0.7,0.6-1.5,0.6c-0.7,0-0.7-0.6-1.5-0.6c-0.7,0-0.6,0.6-1.4,0.6c-0.8,0-0.7-0.6-1.3-0.6\tc-0.7,0-0.7,0.6-1.5,0.6c-0.7,0-0.7-0.6-1.4-0.6s-0.7,0.6-1.5,0.6s-0.7-0.6-1.5-0.6c-0.7,0-0.7,0.6-1.5,0.6c-0.7,0-0.7-0.6-1.5-0.6\tc-0.6,0-0.6,0.6-1.3,0.6s-0.7-0.6-1.5-0.6c-0.7,0-0.7,0.6-1.5,0.6c-0.7,0-0.7-0.6-1.5-0.6c-0.7,0-0.7,0.6-1.5,0.6\tc-0.7,0-0.7-0.6-1.5-0.6c-0.7,0-0.7,0.6-1.5,0.6c-0.7,0-0.7-0.6-1.5-0.6s-0.6,0.6-1.3,0.6c-0.7,0-0.7-0.6-1.5-0.6\tc-0.7,0-0.7,0.6-1.4,0.6c-0.7,0-0.7-0.6-1.5-0.6c-0.7,0-0.7,0.6-1.5,0.6c-0.7,0-0.7-0.6-1.5-0.6c-0.7,0-0.7,0.6-1.5,0.6\tc-0.7,0-0.7-0.6-1.5-0.6c-0.6,0-0.6,0.6-1.3,0.6C6.7,1.4,6.7,0.8,6,0.8S5.3,1.4,4.5,1.4C3.8,1.4,3.8,0.8,3,0.8\tc-0.7,0-0.7,0.6-1.4,0.6S0.9,0.8,0.1,0.8c0,0-0.1,0-0.1,0V0H100z\"\/>\r\n<\/svg>\r\n\t\t<\/div>\r\n\t\t\t\t\t<div class=\"elementor-container elementor-column-gap-extended\">\r\n\t\t\t\t\t<div class=\"elementor-column elementor-col-100 elementor-top-column elementor-element elementor-element-3c9916ab\" data-id=\"3c9916ab\" data-element_type=\"column\">\r\n\t\t\t<div class=\"elementor-widget-wrap elementor-element-populated\">\r\n\t\t\t\t\t\t\t\t<div class=\"elementor-element elementor-element-31502167 elementor-widget elementor-widget-wd_title\" data-id=\"31502167\" data-element_type=\"widget\" data-widget_type=\"wd_title.default\">\r\n\t\t\t\t<div class=\"elementor-widget-container\">\r\n\t\t\t\t\t<div class=\"title-wrapper set-mb-s reset-last-child wd-title-color-alt wd-title-style-default wd-title-size-large text-center\">\r\n\r\n\t\t\t\r\n\t\t\t<div class=\"liner-continer\">\r\n\t\t\t\t<h4 class=\"woodmart-title-container title wd-fontsize-xxl\">Quality and tradition<\/h4> \r\n\t\t\t\t\t\t\t<\/div>\r\n\r\n\t\t\t\t\t<\/div>\r\n\t\t\t\t<\/div>\r\n\t\t\t\t<\/div>\r\n\t\t\t\t<div class=\"elementor-element elementor-element-685b4e82 elementor-widget elementor-widget-wd_text_block\" data-id=\"685b4e82\" data-element_type=\"widget\" data-widget_type=\"wd_text_block.default\">\r\n\t\t\t\t<div class=\"elementor-widget-container\">\r\n\t\t\t\t\t<div class=\"wd-text-block reset-last-child text-center\">\r\n\t\t\t\r\n\t\t\t<p><a style=\"color: #c2c2c2;\" href=\"index.php\">Home<\/a> \/ Quality and tradition<\/p>\r\n\t\t\t\t\t<\/div>\r\n\t\t\t\t<\/div>\r\n\t\t\t\t<\/div>\r\n\t\t\t\t\t<\/div>\r\n\t\t<\/div>\r\n\t\t\t\t\t\t\t<\/div>\r\n\t\t<\/section>\r\n\t\t\t\t<section class=\"wd-negative-gap elementor-section elementor-top-section elementor-element elementor-element-2cf2c81f wd-section-stretch elementor-section-boxed elementor-section-height-default elementor-section-height-default\" data-id=\"2cf2c81f\" data-element_type=\"section\" data-settings=\"{&quot;background_background&quot;:&quot;classic&quot;}\">\r\n\t\t\t\t\t\t<div class=\"elementor-container elementor-column-gap-default\">\r\n\t\t\t\t\t<div class=\"elementor-column elementor-col-100 elementor-top-column elementor-element elementor-element-36eb4c53\" data-id=\"36eb4c53\" data-element_type=\"column\">\r\n\t\t\t<div class=\"elementor-widget-wrap elementor-element-populated\">\r\n\t\t\t\t\t\t\t\t<div class=\"elementor-element elementor-element-2d355bfd elementor-widget elementor-widget-wd_title\" data-id=\"2d355bfd\" data-element_type=\"widget\" data-widget_type=\"wd_title.default\">\r\n\t\t\t\t<div class=\"elementor-widget-container\">\r\n\t\t\t\t\t<div class=\"title-wrapper set-mb-s reset-last-child wd-title-color-alt wd-title-style-default wd-title-size-default text-center\">\r\n\r\n\t\t\t\t\t\t\t<div class=\"title-subtitle subtitle-color-alt subtitle-style-default wd-fontsize-xs\">\r\n\t\t\t\t\tA family company with 20 years of tradition\t\t\t\t<\/div>\r\n\t\t\t\r\n\t\t\t<div class=\"liner-continer\">\r\n\t\t\t\t<h4 class=\"woodmart-title-container title wd-fontsize-l\">40 types of different types of pasta<\/h4> \r\n\t\t\t\t\t\t\t<\/div>\r\n\r\n\t\t\t\t\t\t\t<div class=\"title-after_title set-cont-mb-s reset-last-child wd-fontsize-xs\">\r\n\t\t\t\t\tOur pastas are characterized by an outstanding and delicate taste, they are a perfect addition to soups, sauces and salads. \t\t\t\t<\/div>\r\n\t\t\t\t\t<\/div>\r\n\t\t\t\t<\/div>\r\n\t\t\t\t<\/div>\r\n\t\t\t\t<section class=\"wd-negative-gap elementor-section elementor-inner-section elementor-element elementor-element-6bf95555 elementor-section-content-middle elementor-section-boxed elementor-section-height-default elementor-section-height-default wd-section-disabled\" data-id=\"6bf95555\" data-element_type=\"section\">\r\n\t\t\t\t\t\t<div class=\"elementor-container elementor-column-gap-extended\">\r\n\t\t\t\t\t<div class=\"elementor-column elementor-col-25 elementor-inner-column elementor-element elementor-element-5143aff4\" data-id=\"5143aff4\" data-element_type=\"column\">\r\n\t\t\t<div class=\"elementor-widget-wrap elementor-element-populated\">\r\n\t\t\t\t\t\t\t\t<div class=\"elementor-element elementor-element-30bfea4e elementor-widget elementor-widget-wd_infobox\" data-id=\"30bfea4e\" data-element_type=\"widget\" data-widget_type=\"wd_infobox.default\">\r\n\t\t\t\t<div class=\"elementor-widget-container\">\r\n\t\t\t\t\t<div class=\"info-box-wrapper\">\r\n\t\t\t<div class=\"wd-info-box text-right box-icon-align-top box-style-bg-hover color-scheme-dark color-scheme-hover-light cursor-pointer\" onclick=\"window.location.href='#'\" style=\"\">\r\n\t\t\t\t\r\n\t\t\t\t<div class=\"info-box-content\">\r\n\t\t\t\t\t\r\n\t\t\t\t\t\t\t\t\t\t\t<h4\t\t\t\t\t\tclass=\"info-box-title title box-title-style-default wd-fontsize-m\" data-elementor-setting-key=\"title\">\r\n\t\t\t\t\t\t\t\t1. Flour\t\t\t\t\t\t<\/h4>\r\n\t\t\t\t\t\r\n\t\t\t\t\t<div class=\"info-box-inner set-cont-mb-s reset-last-child\"data-elementor-setting-key=\"content\"><p>Wheat flour for egg dough is the main ingredient of pasta dough. It is a source of carbohydrates and ensures the elasticity of the dough.<\/p>\n<\/div>\r\n\t\r\n\t\t\t\t\t\t\t\t\t<\/div>\r\n\t\t\t<\/div>\r\n\t\t<\/div>\r\n\t\t\t\t<\/div>\r\n\t\t\t\t<\/div>\r\n\t\t\t\t<div class=\"elementor-element elementor-element-26b61d9 elementor-widget elementor-widget-wd_infobox\" data-id=\"26b61d9\" data-element_type=\"widget\" data-widget_type=\"wd_infobox.default\">\r\n\t\t\t\t<div class=\"elementor-widget-container\">\r\n\t\t\t\t\t<div class=\"info-box-wrapper\">\r\n\t\t\t<div class=\"wd-info-box text-right box-icon-align-top box-style-bg-hover color-scheme-dark color-scheme-hover-light cursor-pointer\" onclick=\"window.location.href='#'\" style=\"\">\r\n\t\t\t\t\r\n\t\t\t\t<div class=\"info-box-content\">\r\n\t\t\t\t\t\r\n\t\t\t\t\t\t\t\t\t\t\t<h4\t\t\t\t\t\tclass=\"info-box-title title box-title-style-default wd-fontsize-m\" data-elementor-setting-key=\"title\">\r\n\t\t\t\t\t\t\t\t2. Eggs\t\t\t\t\t\t<\/h4>\r\n\t\t\t\t\t\r\n\t\t\t\t\t<div class=\"info-box-inner set-cont-mb-s reset-last-child\"data-elementor-setting-key=\"content\"><p>Eggs are the second key ingredient in pasta dough. They give it flavor, colors and structure. Chicken or quail eggs are usually used.<\/p>\n<\/div>\r\n\t\r\n\t\t\t\t\t\t\t\t\t<\/div>\r\n\t\t\t<\/div>\r\n\t\t<\/div>\r\n\t\t\t\t<\/div>\r\n\t\t\t\t<\/div>\r\n\t\t\t\t\t<\/div>\r\n\t\t<\/div>\r\n\t\t\t\t<div class=\"elementor-column elementor-col-50 elementor-inner-column elementor-element elementor-element-696beee9 elementor-hidden-tablet\" data-id=\"696beee9\" data-element_type=\"column\" data-settings=\"{&quot;background_background&quot;:&quot;classic&quot;}\">\r\n\t\t\t<div class=\"elementor-widget-wrap elementor-element-populated\">\r\n\t\t\t\t\t\t\t\t<div class=\"elementor-element elementor-element-5c0b5744 elementor-widget elementor-widget-wd_image_or_svg\" data-id=\"5c0b5744\" data-element_type=\"widget\" data-widget_type=\"wd_image_or_svg.default\">\r\n\t\t\t\t<div class=\"elementor-widget-container\">\r\n\t\t\t\r\n\t\t<div class=\"wd-image text-center\">\r\n\t\t\t\t\t\t\t\t<img fetchpriority=\"high\" decoding=\"async\" width=\"297\" height=\"788\" src=\"https:\/\/golimak.pl\/wp-content\/uploads\/2023\/11\/makaron_krolewski2.png\" class=\"attachment-full size-full\" alt=\"\" srcset=\"https:\/\/golimak.pl\/wp-content\/uploads\/2023\/11\/makaron_krolewski2.png 297w, https:\/\/golimak.pl\/wp-content\/uploads\/2023\/11\/makaron_krolewski2-113x300.png 113w, https:\/\/golimak.pl\/wp-content\/uploads\/2023\/11\/makaron_krolewski2-150x398.png 150w\" sizes=\"(max-width: 297px) 100vw, 297px\" \/>\t\t\t\t\t<\/div>\r\n\r\n\t\t\t\t<\/div>\r\n\t\t\t\t<\/div>\r\n\t\t\t\t\t<\/div>\r\n\t\t<\/div>\r\n\t\t\t\t<div class=\"elementor-column elementor-col-25 elementor-inner-column elementor-element elementor-element-2a37f2b9\" data-id=\"2a37f2b9\" data-element_type=\"column\">\r\n\t\t\t<div class=\"elementor-widget-wrap elementor-element-populated\">\r\n\t\t\t\t\t\t\t\t<div class=\"elementor-element elementor-element-bb70832 elementor-widget elementor-widget-wd_infobox\" data-id=\"bb70832\" data-element_type=\"widget\" data-widget_type=\"wd_infobox.default\">\r\n\t\t\t\t<div class=\"elementor-widget-container\">\r\n\t\t\t\t\t<div class=\"info-box-wrapper\">\r\n\t\t\t<div class=\"wd-info-box text-right box-icon-align-top box-style-bg-hover color-scheme-dark color-scheme-hover-light cursor-pointer\" onclick=\"window.location.href='#'\" style=\"\">\r\n\t\t\t\t\r\n\t\t\t\t<div class=\"info-box-content\">\r\n\t\t\t\t\t\r\n\t\t\t\t\t\t\t\t\t\t\t<h4\t\t\t\t\t\tclass=\"info-box-title title box-title-style-default wd-fontsize-m\" data-elementor-setting-key=\"title\">\r\n\t\t\t\t\t\t\t\t3. Salt\t\t\t\t\t\t<\/h4>\r\n\t\t\t\t\t\r\n\t\t\t\t\t<div class=\"info-box-inner set-cont-mb-s reset-last-child\"data-elementor-setting-key=\"content\"><p>Salt is added to the dough to enhance flavor and help bind the gluten in the flour. Usually a small amount of salt is enough.<\/p>\n<\/div>\r\n\t\r\n\t\t\t\t\t\t\t\t\t<\/div>\r\n\t\t\t<\/div>\r\n\t\t<\/div>\r\n\t\t\t\t<\/div>\r\n\t\t\t\t<\/div>\r\n\t\t\t\t<div class=\"elementor-element elementor-element-db9c254 elementor-widget elementor-widget-wd_infobox\" data-id=\"db9c254\" data-element_type=\"widget\" data-widget_type=\"wd_infobox.default\">\r\n\t\t\t\t<div class=\"elementor-widget-container\">\r\n\t\t\t\t\t<div class=\"info-box-wrapper\">\r\n\t\t\t<div class=\"wd-info-box text-right box-icon-align-top box-style-bg-hover color-scheme-dark color-scheme-hover-light cursor-pointer\" onclick=\"window.location.href='#'\" style=\"\">\r\n\t\t\t\t\r\n\t\t\t\t<div class=\"info-box-content\">\r\n\t\t\t\t\t\r\n\t\t\t\t\t\t\t\t\t\t\t<h4\t\t\t\t\t\tclass=\"info-box-title title box-title-style-default wd-fontsize-m\" data-elementor-setting-key=\"title\">\r\n\t\t\t\t\t\t\t\t4. Water\t\t\t\t\t\t<\/h4>\r\n\t\t\t\t\t\r\n\t\t\t\t\t<div class=\"info-box-inner set-cont-mb-s reset-last-child\"data-elementor-setting-key=\"content\"><p>Water is used to combine the remaining ingredients and create a dough consistency. The amount of water may vary depending on the type of flour and eggs, but usually a small amount is enough.<\/p>\n<\/div>\r\n\t\r\n\t\t\t\t\t\t\t\t\t<\/div>\r\n\t\t\t<\/div>\r\n\t\t<\/div>\r\n\t\t\t\t<\/div>\r\n\t\t\t\t<\/div>\r\n\t\t\t\t\t<\/div>\r\n\t\t<\/div>\r\n\t\t\t\t\t\t\t<\/div>\r\n\t\t<\/section>\r\n\t\t\t\t\t<\/div>\r\n\t\t<\/div>\r\n\t\t\t\t\t\t\t<\/div>\r\n\t\t<\/section>\r\n\t\t\t\t\t\t\t<\/div>","protected":false},"excerpt":{"rendered":"<p>Jako\u015b\u0107 i tradycja Strona g\u0142\u00f3wna \/ Jako\u015b\u0107 i tradycja Rodzinna firma z 20 letni\u0105 tradycj\u0105 40 rodzaj\u00f3w makaron\u00f3w r\u00f3\u017cnego typu<\/p>","protected":false},"author":1,"featured_media":0,"parent":0,"menu_order":0,"comment_status":"closed","ping_status":"closed","template":"","meta":{"footnotes":""},"class_list":["post-16022","page","type-page","status-publish","hentry"],"yoast_head":"<!-- This site is optimized with the Yoast SEO plugin v23.8 - https:\/\/yoast.com\/wordpress\/plugins\/seo\/ -->\n<title>Jako\u015b\u0107 i tradycja - Golimak - producent makaron\u00f3w<\/title>\n<meta name=\"robots\" content=\"index, follow, max-snippet:-1, max-image-preview:large, max-video-preview:-1\" \/>\n<link rel=\"canonical\" href=\"https:\/\/golimak.pl\/en\/jakosc-i-tradycja\/\" \/>\n<meta property=\"og:locale\" content=\"en_GB\" \/>\n<meta property=\"og:type\" content=\"article\" \/>\n<meta property=\"og:title\" content=\"Jako\u015b\u0107 i tradycja - Golimak - producent makaron\u00f3w\" \/>\n<meta property=\"og:description\" content=\"Jako\u015b\u0107 i tradycja Strona g\u0142\u00f3wna \/ Jako\u015b\u0107 i tradycja Rodzinna firma z 20 letni\u0105 tradycj\u0105 40 rodzaj\u00f3w makaron\u00f3w r\u00f3\u017cnego typu\" \/>\n<meta property=\"og:url\" content=\"https:\/\/golimak.pl\/en\/jakosc-i-tradycja\/\" \/>\n<meta property=\"og:site_name\" content=\"Golimak - producent makaron\u00f3w\" \/>\n<meta property=\"article:modified_time\" content=\"2023-11-05T13:57:30+00:00\" \/>\n<meta property=\"og:image\" content=\"http:\/\/golimak.pl\/wp-content\/uploads\/2023\/11\/makaron_krolewski2.png\" \/>\n<meta name=\"twitter:card\" content=\"summary_large_image\" \/>\n<meta name=\"twitter:label1\" content=\"Estimated reading time\" \/>\n\t<meta name=\"twitter:data1\" content=\"1 minute\" \/>\n<script type=\"application\/ld+json\" class=\"yoast-schema-graph\">{\"@context\":\"https:\/\/schema.org\",\"@graph\":[{\"@type\":\"WebPage\",\"@id\":\"https:\/\/golimak.pl\/jakosc-i-tradycja\/\",\"url\":\"https:\/\/golimak.pl\/jakosc-i-tradycja\/\",\"name\":\"Jako\u015b\u0107 i tradycja - Golimak - producent makaron\u00f3w\",\"isPartOf\":{\"@id\":\"https:\/\/golimak.pl\/#website\"},\"primaryImageOfPage\":{\"@id\":\"https:\/\/golimak.pl\/jakosc-i-tradycja\/#primaryimage\"},\"image\":{\"@id\":\"https:\/\/golimak.pl\/jakosc-i-tradycja\/#primaryimage\"},\"thumbnailUrl\":\"http:\/\/golimak.pl\/wp-content\/uploads\/2023\/11\/makaron_krolewski2.png\",\"datePublished\":\"2023-11-05T08:35:36+00:00\",\"dateModified\":\"2023-11-05T13:57:30+00:00\",\"breadcrumb\":{\"@id\":\"https:\/\/golimak.pl\/jakosc-i-tradycja\/#breadcrumb\"},\"inLanguage\":\"en-GB\",\"potentialAction\":[{\"@type\":\"ReadAction\",\"target\":[\"https:\/\/golimak.pl\/jakosc-i-tradycja\/\"]}]},{\"@type\":\"ImageObject\",\"inLanguage\":\"en-GB\",\"@id\":\"https:\/\/golimak.pl\/jakosc-i-tradycja\/#primaryimage\",\"url\":\"http:\/\/golimak.pl\/wp-content\/uploads\/2023\/11\/makaron_krolewski2.png\",\"contentUrl\":\"http:\/\/golimak.pl\/wp-content\/uploads\/2023\/11\/makaron_krolewski2.png\"},{\"@type\":\"BreadcrumbList\",\"@id\":\"https:\/\/golimak.pl\/jakosc-i-tradycja\/#breadcrumb\",\"itemListElement\":[{\"@type\":\"ListItem\",\"position\":1,\"name\":\"Strona g\u0142\u00f3wna\",\"item\":\"https:\/\/golimak.pl\/\"},{\"@type\":\"ListItem\",\"position\":2,\"name\":\"Jako\u015b\u0107 i tradycja\"}]},{\"@type\":\"WebSite\",\"@id\":\"https:\/\/golimak.pl\/#website\",\"url\":\"https:\/\/golimak.pl\/\",\"name\":\"Golimak - producent makaron\u00f3w\",\"description\":\"\",\"publisher\":{\"@id\":\"https:\/\/golimak.pl\/#organization\"},\"potentialAction\":[{\"@type\":\"SearchAction\",\"target\":{\"@type\":\"EntryPoint\",\"urlTemplate\":\"https:\/\/golimak.pl\/?s={search_term_string}\"},\"query-input\":{\"@type\":\"PropertyValueSpecification\",\"valueRequired\":true,\"valueName\":\"search_term_string\"}}],\"inLanguage\":\"en-GB\"},{\"@type\":\"Organization\",\"@id\":\"https:\/\/golimak.pl\/#organization\",\"name\":\"Golimak - producent makaron\u00f3w\",\"url\":\"https:\/\/golimak.pl\/\",\"logo\":{\"@type\":\"ImageObject\",\"inLanguage\":\"en-GB\",\"@id\":\"https:\/\/golimak.pl\/#\/schema\/logo\/image\/\",\"url\":\"https:\/\/golimak.pl\/wp-content\/uploads\/2024\/09\/golimak-logo.png\",\"contentUrl\":\"https:\/\/golimak.pl\/wp-content\/uploads\/2024\/09\/golimak-logo.png\",\"width\":284,\"height\":153,\"caption\":\"Golimak - producent makaron\u00f3w\"},\"image\":{\"@id\":\"https:\/\/golimak.pl\/#\/schema\/logo\/image\/\"}}]}<\/script>\n<!-- \/ Yoast SEO plugin. -->","yoast_head_json":{"title":"Jako\u015b\u0107 i tradycja - Golimak - producent makaron\u00f3w","robots":{"index":"index","follow":"follow","max-snippet":"max-snippet:-1","max-image-preview":"max-image-preview:large","max-video-preview":"max-video-preview:-1"},"canonical":"https:\/\/golimak.pl\/en\/jakosc-i-tradycja\/","og_locale":"en_GB","og_type":"article","og_title":"Jako\u015b\u0107 i tradycja - Golimak - producent makaron\u00f3w","og_description":"Jako\u015b\u0107 i tradycja Strona g\u0142\u00f3wna \/ Jako\u015b\u0107 i tradycja Rodzinna firma z 20 letni\u0105 tradycj\u0105 40 rodzaj\u00f3w makaron\u00f3w r\u00f3\u017cnego typu","og_url":"https:\/\/golimak.pl\/en\/jakosc-i-tradycja\/","og_site_name":"Golimak - producent makaron\u00f3w","article_modified_time":"2023-11-05T13:57:30+00:00","og_image":[{"url":"http:\/\/golimak.pl\/wp-content\/uploads\/2023\/11\/makaron_krolewski2.png"}],"twitter_card":"summary_large_image","twitter_misc":{"Estimated reading time":"1 minute"},"schema":{"@context":"https:\/\/schema.org","@graph":[{"@type":"WebPage","@id":"https:\/\/golimak.pl\/jakosc-i-tradycja\/","url":"https:\/\/golimak.pl\/jakosc-i-tradycja\/","name":"Jako\u015b\u0107 i tradycja - Golimak - producent makaron\u00f3w","isPartOf":{"@id":"https:\/\/golimak.pl\/#website"},"primaryImageOfPage":{"@id":"https:\/\/golimak.pl\/jakosc-i-tradycja\/#primaryimage"},"image":{"@id":"https:\/\/golimak.pl\/jakosc-i-tradycja\/#primaryimage"},"thumbnailUrl":"http:\/\/golimak.pl\/wp-content\/uploads\/2023\/11\/makaron_krolewski2.png","datePublished":"2023-11-05T08:35:36+00:00","dateModified":"2023-11-05T13:57:30+00:00","breadcrumb":{"@id":"https:\/\/golimak.pl\/jakosc-i-tradycja\/#breadcrumb"},"inLanguage":"en-GB","potentialAction":[{"@type":"ReadAction","target":["https:\/\/golimak.pl\/jakosc-i-tradycja\/"]}]},{"@type":"ImageObject","inLanguage":"en-GB","@id":"https:\/\/golimak.pl\/jakosc-i-tradycja\/#primaryimage","url":"http:\/\/golimak.pl\/wp-content\/uploads\/2023\/11\/makaron_krolewski2.png","contentUrl":"http:\/\/golimak.pl\/wp-content\/uploads\/2023\/11\/makaron_krolewski2.png"},{"@type":"BreadcrumbList","@id":"https:\/\/golimak.pl\/jakosc-i-tradycja\/#breadcrumb","itemListElement":[{"@type":"ListItem","position":1,"name":"Strona g\u0142\u00f3wna","item":"https:\/\/golimak.pl\/"},{"@type":"ListItem","position":2,"name":"Jako\u015b\u0107 i tradycja"}]},{"@type":"WebSite","@id":"https:\/\/golimak.pl\/#website","url":"https:\/\/golimak.pl\/","name":"Golimak - producent makaron\u00f3w","description":"","publisher":{"@id":"https:\/\/golimak.pl\/#organization"},"potentialAction":[{"@type":"SearchAction","target":{"@type":"EntryPoint","urlTemplate":"https:\/\/golimak.pl\/?s={search_term_string}"},"query-input":{"@type":"PropertyValueSpecification","valueRequired":true,"valueName":"search_term_string"}}],"inLanguage":"en-GB"},{"@type":"Organization","@id":"https:\/\/golimak.pl\/#organization","name":"Golimak - producent makaron\u00f3w","url":"https:\/\/golimak.pl\/","logo":{"@type":"ImageObject","inLanguage":"en-GB","@id":"https:\/\/golimak.pl\/#\/schema\/logo\/image\/","url":"https:\/\/golimak.pl\/wp-content\/uploads\/2024\/09\/golimak-logo.png","contentUrl":"https:\/\/golimak.pl\/wp-content\/uploads\/2024\/09\/golimak-logo.png","width":284,"height":153,"caption":"Golimak - producent makaron\u00f3w"},"image":{"@id":"https:\/\/golimak.pl\/#\/schema\/logo\/image\/"}}]}},"_links":{"self":[{"href":"https:\/\/golimak.pl\/en\/wp-json\/wp\/v2\/pages\/16022","targetHints":{"allow":["GET"]}}],"collection":[{"href":"https:\/\/golimak.pl\/en\/wp-json\/wp\/v2\/pages"}],"about":[{"href":"https:\/\/golimak.pl\/en\/wp-json\/wp\/v2\/types\/page"}],"author":[{"embeddable":true,"href":"https:\/\/golimak.pl\/en\/wp-json\/wp\/v2\/users\/1"}],"replies":[{"embeddable":true,"href":"https:\/\/golimak.pl\/en\/wp-json\/wp\/v2\/comments?post=16022"}],"version-history":[{"count":0,"href":"https:\/\/golimak.pl\/en\/wp-json\/wp\/v2\/pages\/16022\/revisions"}],"wp:attachment":[{"href":"https:\/\/golimak.pl\/en\/wp-json\/wp\/v2\/media?parent=16022"}],"curies":[{"name":"wp","href":"https:\/\/api.w.org\/{rel}","templated":true}]}}